{"id":7993,"date":"2022-02-17T11:42:05","date_gmt":"2022-02-17T10:42:05","guid":{"rendered":"https:\/\/mv-lehrte.de\/?page_id=7993"},"modified":"2026-03-14T15:16:54","modified_gmt":"2026-03-14T14:16:54","slug":"rocknacht-mania-2022","status":"publish","type":"page","link":"https:\/\/mv-lehrte.de\/","title":{"rendered":"Rocknacht 2026"},"content":{"rendered":"\t\t<div data-elementor-type=\"wp-page\" data-elementor-id=\"7993\" class=\"elementor elementor-7993\">\n\t\t\t\t\t\t<section class=\"elementor-section elementor-top-section elementor-element elementor-element-9279afe elementor-section-boxed elementor-section-height-default elementor-section-height-default\" data-id=\"9279afe\" data-element_type=\"section\" data-e-type=\"section\">\n\t\t\t\t\t\t<div class=\"elementor-container elementor-column-gap-default\">\n\t\t\t\t\t<div class=\"elementor-column elementor-col-100 elementor-top-column elementor-element elementor-element-ee007e3\" data-id=\"ee007e3\" data-element_type=\"column\" data-e-type=\"column\">\n\t\t\t<div class=\"elementor-widget-wrap\">\n\t\t\t\t\t\t\t<\/div>\n\t\t<\/div>\n\t\t\t\t\t<\/div>\n\t\t<\/section>\n\t\t\t\t<section class=\"elementor-section elementor-top-section elementor-element elementor-element-649da52 elementor-section-boxed elementor-section-height-default elementor-section-height-default\" data-id=\"649da52\" data-element_type=\"section\" data-e-type=\"section\">\n\t\t\t\t\t\t<div class=\"elementor-container elementor-column-gap-default\">\n\t\t\t\t\t<div class=\"elementor-column elementor-col-100 elementor-top-column elementor-element elementor-element-016d57b\" data-id=\"016d57b\" data-element_type=\"column\" data-e-type=\"column\">\n\t\t\t<div class=\"elementor-widget-wrap elementor-element-populated\">\n\t\t\t\t\t\t<div class=\"elementor-element elementor-element-89170d9 elementor-invisible elementor-widget elementor-widget-video\" data-id=\"89170d9\" data-element_type=\"widget\" data-e-type=\"widget\" data-settings=\"{&quot;video_type&quot;:&quot;hosted&quot;,&quot;autoplay&quot;:&quot;yes&quot;,&quot;_animation&quot;:&quot;slideInDown&quot;,&quot;controls&quot;:&quot;yes&quot;}\" data-widget_type=\"video.default\">\n\t\t\t\t<div class=\"elementor-widget-container\">\n\t\t\t\t\t\t\t<div class=\"e-hosted-video elementor-wrapper elementor-open-inline\">\n\t\t\t\t\t<video class=\"elementor-video\" src=\"https:\/\/mv-lehrte.de\/wp-content\/uploads\/2026\/03\/Rocknacht_2026.mp4\" autoplay=\"\" controls=\"\" controlsList=\"nodownload\"><\/video>\n\t\t\t\t<\/div>\n\t\t\t\t\t\t<\/div>\n\t\t\t\t<\/div>\n\t\t\t\t<div class=\"elementor-element elementor-element-63be10e elementor-align-center animated-slow elementor-invisible elementor-widget elementor-widget-button\" data-id=\"63be10e\" data-element_type=\"widget\" data-e-type=\"widget\" data-settings=\"{&quot;_animation&quot;:&quot;tada&quot;,&quot;_animation_delay&quot;:60}\" data-widget_type=\"button.default\">\n\t\t\t\t<div class=\"elementor-widget-container\">\n\t\t\t\t\t\t\t\t\t<div class=\"elementor-button-wrapper\">\n\t\t\t\t\t<a class=\"elementor-button elementor-button-link elementor-size-xl\" href=\"https:\/\/mv-lehrte.de\/?page_id=103\">\n\t\t\t\t\t\t<span class=\"elementor-button-content-wrapper\">\n\t\t\t\t\t\t\t\t\t<span class=\"elementor-button-text\">Karten Bestellen<\/span>\n\t\t\t\t\t<\/span>\n\t\t\t\t\t<\/a>\n\t\t\t\t<\/div>\n\t\t\t\t\t\t\t\t<\/div>\n\t\t\t\t<\/div>\n\t\t\t\t\t<\/div>\n\t\t<\/div>\n\t\t\t\t\t<\/div>\n\t\t<\/section>\n\t\t\t\t<section class=\"elementor-section elementor-top-section elementor-element elementor-element-e199455 elementor-section-boxed elementor-section-height-default elementor-section-height-default\" data-id=\"e199455\" data-element_type=\"section\" data-e-type=\"section\">\n\t\t\t\t\t\t<div class=\"elementor-container elementor-column-gap-default\">\n\t\t\t\t\t<div class=\"elementor-column elementor-col-100 elementor-top-column elementor-element elementor-element-6e530be\" data-id=\"6e530be\" data-element_type=\"column\" data-e-type=\"column\">\n\t\t\t<div class=\"elementor-widget-wrap elementor-element-populated\">\n\t\t\t\t\t\t<div class=\"elementor-element elementor-element-7c94eb6 animated-slow elementor-invisible elementor-widget elementor-widget-heading\" data-id=\"7c94eb6\" data-element_type=\"widget\" data-e-type=\"widget\" data-settings=\"{&quot;_animation&quot;:&quot;lightSpeedIn&quot;}\" data-widget_type=\"heading.default\">\n\t\t\t\t<div class=\"elementor-widget-container\">\n\t\t\t\t\t<h2 class=\"elementor-heading-title elementor-size-default\">Nach der Rocknacht ist vor der Rocknacht!<\/h2>\t\t\t\t<\/div>\n\t\t\t\t<\/div>\n\t\t\t\t<section class=\"elementor-section elementor-inner-section elementor-element elementor-element-d27b4e1 elementor-section-boxed elementor-section-height-default elementor-section-height-default\" data-id=\"d27b4e1\" data-element_type=\"section\" data-e-type=\"section\">\n\t\t\t\t\t\t<div class=\"elementor-container elementor-column-gap-default\">\n\t\t\t\t\t<div class=\"elementor-column elementor-col-50 elementor-inner-column elementor-element elementor-element-56923f1\" data-id=\"56923f1\" data-element_type=\"column\" data-e-type=\"column\">\n\t\t\t<div class=\"elementor-widget-wrap elementor-element-populated\">\n\t\t\t\t\t\t<div class=\"elementor-element elementor-element-8551ad5 elementor-widget elementor-widget-text-editor\" data-id=\"8551ad5\" data-element_type=\"widget\" data-e-type=\"widget\" data-widget_type=\"text-editor.default\">\n\t\t\t\t<div class=\"elementor-widget-container\">\n\t\t\t\t\t\t\t\t\t<p>Am 13. Juni 2026 beginnt ab 16:00 Uhr die 27. Lehrter Rocknacht.<span class=\"Apple-converted-space\">\u00a0<\/span><\/p><p>Es ist uns gelungen, erneut ein gutes Programm f\u00fcr diese Lehrter Kultveranstaltung<\/p><p>zusammenzustellen.<\/p><p>Ab 16:00 \u00f6ffnen wie gewohnt die Tore, und kurz darauf erfreuen <b>\u201e5th Avenue\u201c<\/b> unsere G\u00e4ste.<\/p><p>Die 1989 gegr\u00fcndete Hamburger Rockband wird die Rocknacht er\u00f6ffnen. Nach mehreren Auftritten in Wacken und einigen Studioproduktionen, wird es nun Zeit, sie auch in Lehrte zu sehen.<\/p><p>Wir freuen uns danach mit \u201e<b>The Wake Woods<\/b>\u201c eine Band aus der Hauptstadt begr\u00fc\u00dfen zu d\u00fcrfen. Die Rocker aus Berlin sind auch schon seit \u00fcber 15 Jahren aktiv und haben neben vielen Live-Acts inzwischen 5 Alben ver\u00f6ffentlicht.<\/p>\t\t\t\t\t\t\t\t<\/div>\n\t\t\t\t<\/div>\n\t\t\t\t\t<\/div>\n\t\t<\/div>\n\t\t\t\t<div class=\"elementor-column elementor-col-50 elementor-inner-column elementor-element elementor-element-f4a997b\" data-id=\"f4a997b\" data-element_type=\"column\" data-e-type=\"column\">\n\t\t\t<div class=\"elementor-widget-wrap elementor-element-populated\">\n\t\t\t\t\t\t<div class=\"elementor-element elementor-element-934dcae elementor-widget elementor-widget-text-editor\" data-id=\"934dcae\" data-element_type=\"widget\" data-e-type=\"widget\" data-widget_type=\"text-editor.default\">\n\t\t\t\t<div class=\"elementor-widget-container\">\n\t\t\t\t\t\t\t\t\t<p>Die 3. Band hat es in sich. <b>\u201eThe Gems\u201c<\/b>, ein schwedisches Rock Trio, bestens bekannt aus ihrer Zeit als ein Teil von Thundermother. Nach der Trennung gr\u00fcndete sich dieses Trio im Fr\u00fchjahr 2023 und sorgt seitdem mit dem ersten Album und einigen Live-Acts f\u00fcr Furore mit ihrem Frauen-Power-Rock.<span class=\"Apple-converted-space\">\u00a0<\/span><\/p><p>Abrunden wird das Programm <b>\u201eOHRENFEINDT\u201c<\/b>, Vollgasrock aus Hamburg. Dieses 1994 gegr\u00fcndete Band hat inzwischen 11 Studioalben und mehrere Livealben ver\u00f6ffentlicht. Ihre Liveauftritte sind kaum noch z\u00e4hlbar. Ein lauter Topact der es in sich hat!<\/p><p>Das ist das Programm der 27. Rocknacht am 13.06.26, abwechslungsreich und f\u00fcr jeden Rockfan etwas dabei\u2026\u2026!<\/p>\t\t\t\t\t\t\t\t<\/div>\n\t\t\t\t<\/div>\n\t\t\t\t\t<\/div>\n\t\t<\/div>\n\t\t\t\t\t<\/div>\n\t\t<\/section>\n\t\t\t\t\t<\/div>\n\t\t<\/div>\n\t\t\t\t\t<\/div>\n\t\t<\/section>\n\t\t\t\t<section class=\"elementor-section elementor-top-section elementor-element elementor-element-64dcaf3 elementor-section-boxed elementor-section-height-default elementor-section-height-default\" data-id=\"64dcaf3\" data-element_type=\"section\" data-e-type=\"section\">\n\t\t\t\t\t\t<div class=\"elementor-container elementor-column-gap-default\">\n\t\t\t\t\t<div class=\"elementor-column elementor-col-100 elementor-top-column elementor-element elementor-element-610d4d7\" data-id=\"610d4d7\" data-element_type=\"column\" data-e-type=\"column\">\n\t\t\t<div class=\"elementor-widget-wrap elementor-element-populated\">\n\t\t\t\t\t\t<div class=\"elementor-element elementor-element-e8849d0 animated-slow elementor-invisible elementor-widget elementor-widget-text-editor\" data-id=\"e8849d0\" data-element_type=\"widget\" data-e-type=\"widget\" data-settings=\"{&quot;_animation&quot;:&quot;lightSpeedIn&quot;}\" data-widget_type=\"text-editor.default\">\n\t\t\t\t<div class=\"elementor-widget-container\">\n\t\t\t\t\t\t\t\t\t<p style=\"text-align: center;\"><strong>Karten <\/strong><\/p><p style=\"text-align: center;\"><strong>V VK: = \u20ac 35,00 <\/strong><\/p><p style=\"text-align: center;\"><strong>AK: = <\/strong><strong>\u20ac 40,00<\/strong><strong>\u00a0<\/strong><\/p>\t\t\t\t\t\t\t\t<\/div>\n\t\t\t\t<\/div>\n\t\t\t\t\t<\/div>\n\t\t<\/div>\n\t\t\t\t\t<\/div>\n\t\t<\/section>\n\t\t\t\t<section class=\"elementor-section elementor-top-section elementor-element elementor-element-dcce3dd elementor-section-boxed elementor-section-height-default elementor-section-height-default\" data-id=\"dcce3dd\" data-element_type=\"section\" data-e-type=\"section\">\n\t\t\t\t\t\t<div class=\"elementor-container elementor-column-gap-default\">\n\t\t\t\t\t<div class=\"elementor-column elementor-col-100 elementor-top-column elementor-element elementor-element-158b179\" data-id=\"158b179\" data-element_type=\"column\" data-e-type=\"column\">\n\t\t\t<div class=\"elementor-widget-wrap elementor-element-populated\">\n\t\t\t\t\t\t<div class=\"elementor-element elementor-element-d147238 elementor-widget elementor-widget-text-editor\" data-id=\"d147238\" data-element_type=\"widget\" data-e-type=\"widget\" data-widget_type=\"text-editor.default\">\n\t\t\t\t<div class=\"elementor-widget-container\">\n\t\t\t\t\t\t\t\t\t<div class=\"page\" title=\"Page 1\"><div class=\"layoutArea\"><div class=\"column\"><p style=\"text-align: center;\">ln Lehrte: in der Bu\u0308cherstube Veenhuis, lltener Stra\u00dfe und in Marcos-Motorbike-Planet, Dieselstra\u00dfe L<\/p><p style=\"text-align: center;\">ln Burgdorf: bei Firma G. Bleich, Braunschweiger Str. 2 \u00a0<\/p><p style=\"text-align: center;\">ln Hannover: in Suhrau&#8217;s Motorshop, Krepenstr. 6<\/p><p style=\"text-align: center;\">www.eventim.de und www.mv-lehrte.de<\/p><p style=\"text-align: center;\">Und hier findet ihr <a style=\"text-align: center;\" href=\"https:\/\/mv-lehrte.de\/?page_id=104\"><strong><span style=\"color: #3366ff;\">Schlafm\u00f6glichkeiten<\/span><\/strong><\/a><\/p><\/div><\/div><\/div>\t\t\t\t\t\t\t\t<\/div>\n\t\t\t\t<\/div>\n\t\t\t\t<div class=\"elementor-element elementor-element-65e8bcd elementor-arrows-position-inside elementor-pagination-position-outside elementor-widget elementor-widget-image-carousel\" data-id=\"65e8bcd\" data-element_type=\"widget\" data-e-type=\"widget\" data-settings=\"{&quot;navigation&quot;:&quot;both&quot;,&quot;autoplay&quot;:&quot;yes&quot;,&quot;pause_on_hover&quot;:&quot;yes&quot;,&quot;pause_on_interaction&quot;:&quot;yes&quot;,&quot;autoplay_speed&quot;:5000,&quot;infinite&quot;:&quot;yes&quot;,&quot;speed&quot;:500}\" data-widget_type=\"image-carousel.default\">\n\t\t\t\t<div class=\"elementor-widget-container\">\n\t\t\t\t\t\t\t<div class=\"elementor-image-carousel-wrapper swiper\" role=\"region\" aria-roledescription=\"carousel\" aria-label=\"Image Carousel\" dir=\"ltr\">\n\t\t\t<div class=\"elementor-image-carousel swiper-wrapper\" aria-live=\"off\">\n\t\t\t\t\t\t\t\t<div class=\"swiper-slide\" role=\"group\" aria-roledescription=\"slide\" aria-label=\"1 of 2\"><figure class=\"swiper-slide-inner\"><img decoding=\"async\" class=\"swiper-slide-image\" src=\"https:\/\/mv-lehrte.de\/wp-content\/uploads\/2025\/11\/OHRENFEINDT_by_Andrea_Da_Silva_Nolasco_MatchBoernerOpenAir_01-768x512.jpg\" alt=\"OHRENFEINDT_by_Andrea_Da_Silva_Nolasco_MatchBoernerOpenAir_01\" \/><\/figure><\/div><div class=\"swiper-slide\" role=\"group\" aria-roledescription=\"slide\" aria-label=\"2 of 2\"><figure class=\"swiper-slide-inner\"><img decoding=\"async\" class=\"swiper-slide-image\" src=\"https:\/\/mv-lehrte.de\/wp-content\/uploads\/2025\/11\/20250303_The-Gems0263-768x512.jpg\" alt=\"Evoto\" \/><\/figure><\/div>\t\t\t<\/div>\n\t\t\t\t\t\t\t\t\t\t\t\t<div class=\"elementor-swiper-button elementor-swiper-button-prev\" role=\"button\" tabindex=\"0\">\n\t\t\t\t\t\t<i aria-hidden=\"true\" class=\"eicon-chevron-left\"><\/i>\t\t\t\t\t<\/div>\n\t\t\t\t\t<div class=\"elementor-swiper-button elementor-swiper-button-next\" role=\"button\" tabindex=\"0\">\n\t\t\t\t\t\t<i aria-hidden=\"true\" class=\"eicon-chevron-right\"><\/i>\t\t\t\t\t<\/div>\n\t\t\t\t\n\t\t\t\t\t\t\t\t\t<div class=\"swiper-pagination\"><\/div>\n\t\t\t\t\t\t\t\t\t<\/div>\n\t\t\t\t\t\t<\/div>\n\t\t\t\t<\/div>\n\t\t\t\t\t<\/div>\n\t\t<\/div>\n\t\t\t\t\t<\/div>\n\t\t<\/section>\n\t\t\t\t<section class=\"elementor-section elementor-top-section elementor-element elementor-element-53bd04b elementor-section-boxed elementor-section-height-default elementor-section-height-default\" data-id=\"53bd04b\" data-element_type=\"section\" data-e-type=\"section\">\n\t\t\t\t\t\t<div class=\"elementor-container elementor-column-gap-default\">\n\t\t\t\t\t<div class=\"elementor-column elementor-col-100 elementor-top-column elementor-element elementor-element-cdac595\" data-id=\"cdac595\" data-element_type=\"column\" data-e-type=\"column\">\n\t\t\t<div class=\"elementor-widget-wrap elementor-element-populated\">\n\t\t\t\t\t\t<div class=\"elementor-element elementor-element-40b68c6 elementor-widget elementor-widget-image\" data-id=\"40b68c6\" data-element_type=\"widget\" data-e-type=\"widget\" data-widget_type=\"image.default\">\n\t\t\t\t<div class=\"elementor-widget-container\">\n\t\t\t\t\t\t\t\t\t\t\t\t\t\t\t<img fetchpriority=\"high\" decoding=\"async\" width=\"690\" height=\"193\" src=\"https:\/\/mv-lehrte.de\/wp-content\/uploads\/2025\/01\/Konig-Pilsner-Logo-1024x286.png\" class=\"attachment-large size-large wp-image-8458\" alt=\"\" srcset=\"https:\/\/mv-lehrte.de\/wp-content\/uploads\/2025\/01\/Konig-Pilsner-Logo-1024x286.png 1024w, https:\/\/mv-lehrte.de\/wp-content\/uploads\/2025\/01\/Konig-Pilsner-Logo-300x84.png 300w, https:\/\/mv-lehrte.de\/wp-content\/uploads\/2025\/01\/Konig-Pilsner-Logo-768x215.png 768w, https:\/\/mv-lehrte.de\/wp-content\/uploads\/2025\/01\/Konig-Pilsner-Logo-1536x429.png 1536w, https:\/\/mv-lehrte.de\/wp-content\/uploads\/2025\/01\/Konig-Pilsner-Logo.png 1900w\" sizes=\"(max-width: 690px) 100vw, 690px\" \/>\t\t\t\t\t\t\t\t\t\t\t\t\t\t\t<\/div>\n\t\t\t\t<\/div>\n\t\t\t\t\t<\/div>\n\t\t<\/div>\n\t\t\t\t\t<\/div>\n\t\t<\/section>\n\t\t\t\t<\/div>\n\t\t","protected":false},"excerpt":{"rendered":"<p>https:\/\/mv-lehrte.de\/wp-content\/uploads\/2026\/03\/Rocknacht_2026.mp4 Karten Bestellen Nach der Rocknacht ist vor der Rocknacht! Am 13. Juni 2026 beginnt ab 16:00 Uhr die 27. Lehrter Rocknacht.\u00a0 Es ist uns gelungen, erneut ein gutes Programm f\u00fcr diese Lehrter Kultveranstaltung zusammenzustellen. Ab 16:00 \u00f6ffnen wie gewohnt die Tore, und kurz darauf erfreuen \u201e5th Avenue\u201c unsere G\u00e4ste. Die 1989 gegr\u00fcndete Hamburger Rockband<br \/><a class=\"moretag\" href=\"https:\/\/mv-lehrte.de\/\">+ Read More<\/a><\/p>\n","protected":false},"author":42,"featured_media":0,"parent":0,"menu_order":0,"comment_status":"closed","ping_status":"closed","template":"templates\/page-nosidebar_template.php","meta":{"ngg_post_thumbnail":0,"footnotes":""},"class_list":["post-7993","page","type-page","status-publish","hentry"],"_links":{"self":[{"href":"https:\/\/mv-lehrte.de\/index.php?rest_route=\/wp\/v2\/pages\/7993","targetHints":{"allow":["GET"]}}],"collection":[{"href":"https:\/\/mv-lehrte.de\/index.php?rest_route=\/wp\/v2\/pages"}],"about":[{"href":"https:\/\/mv-lehrte.de\/index.php?rest_route=\/wp\/v2\/types\/page"}],"author":[{"embeddable":true,"href":"https:\/\/mv-lehrte.de\/index.php?rest_route=\/wp\/v2\/users\/42"}],"replies":[{"embeddable":true,"href":"https:\/\/mv-lehrte.de\/index.php?rest_route=%2Fwp%2Fv2%2Fcomments&post=7993"}],"version-history":[{"count":268,"href":"https:\/\/mv-lehrte.de\/index.php?rest_route=\/wp\/v2\/pages\/7993\/revisions"}],"predecessor-version":[{"id":8672,"href":"https:\/\/mv-lehrte.de\/index.php?rest_route=\/wp\/v2\/pages\/7993\/revisions\/8672"}],"wp:attachment":[{"href":"https:\/\/mv-lehrte.de\/index.php?rest_route=%2Fwp%2Fv2%2Fmedia&parent=7993"}],"curies":[{"name":"wp","href":"https:\/\/api.w.org\/{rel}","templated":true}]}}