{"id":104,"date":"2008-02-24T16:17:22","date_gmt":"2008-02-24T15:17:22","guid":{"rendered":"http:\/\/neu.mv-lehrte.de\/?page_id=104"},"modified":"2025-11-06T00:31:10","modified_gmt":"2025-11-05T23:31:10","slug":"schlafmoglichkleiten","status":"publish","type":"page","link":"https:\/\/mv-lehrte.de\/?page_id=104","title":{"rendered":""},"content":{"rendered":"\t\t<div data-elementor-type=\"wp-page\" data-elementor-id=\"104\" class=\"elementor elementor-104\">\n\t\t\t\t\t\t<section class=\"elementor-section elementor-top-section elementor-element elementor-element-54da7cfb elementor-section-boxed elementor-section-height-default elementor-section-height-default\" data-id=\"54da7cfb\" data-element_type=\"section\" data-e-type=\"section\">\n\t\t\t\t\t\t<div class=\"elementor-container elementor-column-gap-default\">\n\t\t\t\t\t<div class=\"elementor-column elementor-col-100 elementor-top-column elementor-element elementor-element-57f1a8a9\" data-id=\"57f1a8a9\" data-element_type=\"column\" data-e-type=\"column\">\n\t\t\t<div class=\"elementor-widget-wrap elementor-element-populated\">\n\t\t\t\t\t\t<div class=\"elementor-element elementor-element-b255ec6 elementor-invisible elementor-widget elementor-widget-heading\" data-id=\"b255ec6\" data-element_type=\"widget\" data-e-type=\"widget\" data-settings=\"{&quot;_animation&quot;:&quot;fadeInDown&quot;}\" data-widget_type=\"heading.default\">\n\t\t\t\t<div class=\"elementor-widget-container\">\n\t\t\t\t\t<h2 class=\"elementor-heading-title elementor-size-default\">Schlafpl\u00e4tze<\/h2>\t\t\t\t<\/div>\n\t\t\t\t<\/div>\n\t\t\t\t<div class=\"elementor-element elementor-element-6472bd18 elementor-widget elementor-widget-text-editor\" data-id=\"6472bd18\" data-element_type=\"widget\" data-e-type=\"widget\" data-widget_type=\"text-editor.default\">\n\t\t\t\t<div class=\"elementor-widget-container\">\n\t\t\t\t\t\t\t\t\t<p style=\"text-align: center;\">&#8230; gibt es viele in Lehrte, hier ein paar&#8230;<\/p>\n<p align=\"center\">G\u00e4stehaus Kr\u00fcger<\/p>\n<p align=\"center\">Am Fleith 4<\/p>\n<p align=\"center\">31275 Lehrte<\/p>\n<p align=\"center\"><span style=\"color: #000000;\">Tel. 05175 932183<\/span><\/p>\n<p align=\"center\"><span style=\"color: #000000;\"><a style=\"color: #000000;\" href=\"http:\/\/www.gaestehaus-krueger.de\" target=\"_blank\" rel=\"noopener noreferrer\">www.gaestehaus-krueger.de<\/a><\/span><\/p>\n<p align=\"center\"><span style=\"color: #808080;\">____________________<\/span><\/p>\n<p align=\"center\"><span style=\"color: #000000;\"><a style=\"color: #000000;\" href=\"http:\/\/www.median-hotel.de\/\" target=\"_blank\" rel=\"noopener noreferrer\">Median Hotel<\/a><\/span><\/p>\n<p align=\"center\">Zum Blauen See 3<\/p>\n<p align=\"center\">31275 Lehrte<\/p>\n<p align=\"center\"><span style=\"color: #000000;\">Tel. 05132 8290-0<\/span><\/p>\n<p align=\"center\"><span style=\"color: #000000;\"><a style=\"color: #000000;\" href=\"mailto:info@median-hotel.de\">info@median-hotel.de<\/a><\/span><\/p>\n<p align=\"center\"><span style=\"color: #808080;\">____________________<\/span><\/p>\n<p align=\"center\"><span style=\"color: #000000;\">Messezimmer Baxmann<\/span><\/p>\n<p align=\"center\">Langestr. 15<\/p>\n<p align=\"center\">31275 Lehrte<\/p>\n<p align=\"center\"><span style=\"color: #000000;\">Tel. 051322687<\/span><\/p>\t\t\t\t\t\t\t\t<\/div>\n\t\t\t\t<\/div>\n\t\t\t\t\t<\/div>\n\t\t<\/div>\n\t\t\t\t\t<\/div>\n\t\t<\/section>\n\t\t\t\t<\/div>\n\t\t","protected":false},"excerpt":{"rendered":"<p>Schlafpl\u00e4tze &#8230; gibt es viele in Lehrte, hier ein paar&#8230; G\u00e4stehaus Kr\u00fcger Am Fleith 4 31275 Lehrte Tel. 05175 932183 www.gaestehaus-krueger.de ____________________ Median Hotel Zum Blauen See 3 31275 Lehrte Tel. 05132 8290-0 info@median-hotel.de ____________________ Messezimmer Baxmann Langestr. 15 31275 Lehrte Tel. 051322687<\/p>\n","protected":false},"author":42,"featured_media":0,"parent":0,"menu_order":2,"comment_status":"closed","ping_status":"closed","template":"templates\/page-nosidebar_template.php","meta":{"ngg_post_thumbnail":0,"footnotes":""},"class_list":["post-104","page","type-page","status-publish","hentry"],"_links":{"self":[{"href":"https:\/\/mv-lehrte.de\/index.php?rest_route=\/wp\/v2\/pages\/104","targetHints":{"allow":["GET"]}}],"collection":[{"href":"https:\/\/mv-lehrte.de\/index.php?rest_route=\/wp\/v2\/pages"}],"about":[{"href":"https:\/\/mv-lehrte.de\/index.php?rest_route=\/wp\/v2\/types\/page"}],"author":[{"embeddable":true,"href":"https:\/\/mv-lehrte.de\/index.php?rest_route=\/wp\/v2\/users\/42"}],"replies":[{"embeddable":true,"href":"https:\/\/mv-lehrte.de\/index.php?rest_route=%2Fwp%2Fv2%2Fcomments&post=104"}],"version-history":[{"count":18,"href":"https:\/\/mv-lehrte.de\/index.php?rest_route=\/wp\/v2\/pages\/104\/revisions"}],"predecessor-version":[{"id":8277,"href":"https:\/\/mv-lehrte.de\/index.php?rest_route=\/wp\/v2\/pages\/104\/revisions\/8277"}],"wp:attachment":[{"href":"https:\/\/mv-lehrte.de\/index.php?rest_route=%2Fwp%2Fv2%2Fmedia&parent=104"}],"curies":[{"name":"wp","href":"https:\/\/api.w.org\/{rel}","templated":true}]}}